{"id":158,"date":"2025-06-11T13:01:55","date_gmt":"2025-06-11T04:01:55","guid":{"rendered":"https:\/\/woocommercecore.mystagingwebsite.com\/product\/t-shirt-with-logo\/"},"modified":"2026-02-25T18:27:02","modified_gmt":"2026-02-25T09:27:02","slug":"furisode-kimono","status":"publish","type":"product","link":"https:\/\/asakusakimono.com\/es\/producto\/furisode-kimono\/","title":{"rendered":"Programa de manguitos antivibraci\u00f3n 19.800 yenes (impuestos no incluidos)"},"content":{"rendered":"<p>Puedes elegir entre una amplia gama de estilos y colores de kimonos. Hay kimonos con los estampados m\u00e1s actuales, kimonos vintage y kimonos con personalidades \u00fanicas, as\u00ed que \u00bfpor qu\u00e9 no salir a la calle con tu propio atuendo original?<\/p>\n<p>El conjunto incluye kimono, obi, forro, ropa interior, calcetines japoneses, zuecos, accesorios para el pelo, bolsa de estilo japon\u00e9s, peinado, servicio de aderezo y servicio de consigna.<\/p>","protected":false},"excerpt":{"rendered":"<p>\u60a8\u53ef\u4ee5\u4ece\u591a\u79cd\u6b3e\u5f0f\u548c\u989c\u8272\u7684\u548c\u670d\u4e2d\u9009\u62e9\u3002\u8fd9\u91cc\u6709\u6700\u65b0\u56fe\u6848\u7684\u548c\u670d\u3001\u590d\u53e4\u548c\u670d\u4ee5\u53ca\u4e2a\u6027\u72ec\u7279\u7684\u548c\u670d\uff0c\u4f55\u4e0d\u7a7f\u4e0a\u5c5e\u4e8e\u81ea\u5df1\u7684\u539f\u521b\u88c5&#8230;<\/p>","protected":false},"featured_media":533,"template":"","meta":[],"product_brand":[],"product_cat":[17,27],"product_tag":[],"mwb_booking_people":[],"mwb_booking_cost":[],"mwb_booking_service":[],"class_list":{"0":"post-158","1":"product","2":"type-product","3":"status-publish","4":"has-post-thumbnail","6":"product_cat-clothing","7":"product_cat-booking","9":"first","10":"instock","11":"virtual","12":"purchasable","13":"product-type-mwb_booking"},"_links":{"self":[{"href":"https:\/\/asakusakimono.com\/es\/wp-json\/wp\/v2\/product\/158","targetHints":{"allow":["GET"]}}],"collection":[{"href":"https:\/\/asakusakimono.com\/es\/wp-json\/wp\/v2\/product"}],"about":[{"href":"https:\/\/asakusakimono.com\/es\/wp-json\/wp\/v2\/types\/product"}],"wp:featuredmedia":[{"embeddable":true,"href":"https:\/\/asakusakimono.com\/es\/wp-json\/wp\/v2\/media\/533"}],"wp:attachment":[{"href":"https:\/\/asakusakimono.com\/es\/wp-json\/wp\/v2\/media?parent=158"}],"wp:term":[{"taxonomy":"product_brand","embeddable":true,"href":"https:\/\/asakusakimono.com\/es\/wp-json\/wp\/v2\/product_brand?post=158"},{"taxonomy":"product_cat","embeddable":true,"href":"https:\/\/asakusakimono.com\/es\/wp-json\/wp\/v2\/product_cat?post=158"},{"taxonomy":"product_tag","embeddable":true,"href":"https:\/\/asakusakimono.com\/es\/wp-json\/wp\/v2\/product_tag?post=158"},{"taxonomy":"mwb_booking_people","embeddable":true,"href":"https:\/\/asakusakimono.com\/es\/wp-json\/wp\/v2\/mwb_booking_people?post=158"},{"taxonomy":"mwb_booking_cost","embeddable":true,"href":"https:\/\/asakusakimono.com\/es\/wp-json\/wp\/v2\/mwb_booking_cost?post=158"},{"taxonomy":"mwb_booking_service","embeddable":true,"href":"https:\/\/asakusakimono.com\/es\/wp-json\/wp\/v2\/mwb_booking_service?post=158"}],"curies":[{"name":"wp","href":"https:\/\/api.w.org\/{rel}","templated":true}]}}