{"id":161,"date":"2025-06-09T13:01:53","date_gmt":"2025-06-09T04:01:53","guid":{"rendered":"https:\/\/woocommercecore.mystagingwebsite.com\/product\/hoodie-with-zipper\/"},"modified":"2026-02-25T18:28:11","modified_gmt":"2026-02-25T09:28:11","slug":"child-kimono","status":"publish","type":"product","link":"https:\/\/asakusakimono.com\/es\/producto\/child-kimono\/","title":{"rendered":"Programa infantil 5.000 yenes (impuestos no incluidos)"},"content":{"rendered":"<p>El Shichigosan es un acontecimiento anual que se celebra en Jap\u00f3n para festejar el crecimiento de los ni\u00f1os de tres, cinco y siete a\u00f1os. Es una ceremonia para informar, expresar gratitud y rezar en santuarios y templos.<\/p>\n<p>El conjunto incluye kimono, obi, forro, ropa interior, calcetines japoneses, zuecos, accesorios para el pelo, bolsa de estilo japon\u00e9s, peinado, servicio de aderezo y servicio de consigna.<\/p>","protected":false},"excerpt":{"rendered":"<p>\u4e03\u4e94\u4e09\u662f\u65e5\u672c\u6bcf\u5e74\u4e3e\u884c\u7684\u5e86\u795d3\u5c81\u30015\u5c81\u548c7\u5c81\u513f\u7ae5\u6210\u957f\u7684\u6d3b\u52a8\u3002\u8fd9\u662f\u5728\u795e\u793e\u548c\u5bfa\u5e99\u62a5\u544a\u3001\u8868\u8fbe\u611f\u6069\u5e76\u7948\u613f\u7684\u4eea\u5f0f\u3002 \u5957\u88c5\u5305&#8230;<\/p>","protected":false},"featured_media":529,"template":"","meta":[],"product_brand":[],"product_cat":[17,27],"product_tag":[],"mwb_booking_people":[],"mwb_booking_cost":[],"mwb_booking_service":[],"class_list":{"0":"post-161","1":"product","2":"type-product","3":"status-publish","4":"has-post-thumbnail","6":"product_cat-clothing","7":"product_cat-booking","9":"first","10":"instock","11":"virtual","12":"purchasable","13":"product-type-mwb_booking"},"_links":{"self":[{"href":"https:\/\/asakusakimono.com\/es\/wp-json\/wp\/v2\/product\/161","targetHints":{"allow":["GET"]}}],"collection":[{"href":"https:\/\/asakusakimono.com\/es\/wp-json\/wp\/v2\/product"}],"about":[{"href":"https:\/\/asakusakimono.com\/es\/wp-json\/wp\/v2\/types\/product"}],"wp:featuredmedia":[{"embeddable":true,"href":"https:\/\/asakusakimono.com\/es\/wp-json\/wp\/v2\/media\/529"}],"wp:attachment":[{"href":"https:\/\/asakusakimono.com\/es\/wp-json\/wp\/v2\/media?parent=161"}],"wp:term":[{"taxonomy":"product_brand","embeddable":true,"href":"https:\/\/asakusakimono.com\/es\/wp-json\/wp\/v2\/product_brand?post=161"},{"taxonomy":"product_cat","embeddable":true,"href":"https:\/\/asakusakimono.com\/es\/wp-json\/wp\/v2\/product_cat?post=161"},{"taxonomy":"product_tag","embeddable":true,"href":"https:\/\/asakusakimono.com\/es\/wp-json\/wp\/v2\/product_tag?post=161"},{"taxonomy":"mwb_booking_people","embeddable":true,"href":"https:\/\/asakusakimono.com\/es\/wp-json\/wp\/v2\/mwb_booking_people?post=161"},{"taxonomy":"mwb_booking_cost","embeddable":true,"href":"https:\/\/asakusakimono.com\/es\/wp-json\/wp\/v2\/mwb_booking_cost?post=161"},{"taxonomy":"mwb_booking_service","embeddable":true,"href":"https:\/\/asakusakimono.com\/es\/wp-json\/wp\/v2\/mwb_booking_service?post=161"}],"curies":[{"name":"wp","href":"https:\/\/api.w.org\/{rel}","templated":true}]}}