{"id":444,"date":"2025-06-06T12:00:20","date_gmt":"2025-06-06T03:00:20","guid":{"rendered":"https:\/\/web.asakusakimono.com\/?post_type=product&#038;p=444"},"modified":"2026-02-25T18:29:23","modified_gmt":"2026-02-25T09:29:23","slug":"yukata","status":"publish","type":"product","link":"https:\/\/asakusakimono.com\/es\/producto\/yukata\/","title":{"rendered":"Programa Yukata 3.800 yenes (impuestos no incluidos)"},"content":{"rendered":"<p>Con temperaturas m\u00e1s altas en verano, estar\u00e1s m\u00e1s fresca y c\u00f3moda con un yukata, lo que lo convierte en la elecci\u00f3n perfecta para una sesi\u00f3n fotogr\u00e1fica veraniega o un paseo al aire libre.<\/p>\n<p>El conjunto incluye yukata, obi, forro, ropa interior, calcetines japoneses, zuecos, accesorios para el pelo, bolsa de estilo japon\u00e9s, peinado, servicio de aderezo y servicio de consigna.<\/p>","protected":false},"excerpt":{"rendered":"<p>\u590f\u5929\u6c14\u6e29\u8f83\u9ad8\uff0c\u7a7f\u6d74\u8863\u4f1a\u66f4\u52a0\u51c9\u723d\u8212\u9002\uff0c\u662f\u590f\u5b63\u5916\u51fa\u62cd\u7167\u6216\u6563\u6b65\u7684\u6700\u4f73\u9009\u62e9\u3002 \u5957\u88c5\u5305\u542b\u6d74\u8863\u3001\u8170\u5e26\u3001\u5185\u886c\u3001\u5185\u8863\u3001\u65e5\u5f0f\u889c\u5b50&#8230;<\/p>","protected":false},"featured_media":544,"template":"","meta":[],"product_brand":[],"product_cat":[17,27],"product_tag":[],"mwb_booking_people":[],"mwb_booking_cost":[],"mwb_booking_service":[],"class_list":{"0":"post-444","1":"product","2":"type-product","3":"status-publish","4":"has-post-thumbnail","6":"product_cat-clothing","7":"product_cat-booking","9":"first","10":"instock","11":"virtual","12":"purchasable","13":"product-type-mwb_booking"},"_links":{"self":[{"href":"https:\/\/asakusakimono.com\/es\/wp-json\/wp\/v2\/product\/444","targetHints":{"allow":["GET"]}}],"collection":[{"href":"https:\/\/asakusakimono.com\/es\/wp-json\/wp\/v2\/product"}],"about":[{"href":"https:\/\/asakusakimono.com\/es\/wp-json\/wp\/v2\/types\/product"}],"wp:featuredmedia":[{"embeddable":true,"href":"https:\/\/asakusakimono.com\/es\/wp-json\/wp\/v2\/media\/544"}],"wp:attachment":[{"href":"https:\/\/asakusakimono.com\/es\/wp-json\/wp\/v2\/media?parent=444"}],"wp:term":[{"taxonomy":"product_brand","embeddable":true,"href":"https:\/\/asakusakimono.com\/es\/wp-json\/wp\/v2\/product_brand?post=444"},{"taxonomy":"product_cat","embeddable":true,"href":"https:\/\/asakusakimono.com\/es\/wp-json\/wp\/v2\/product_cat?post=444"},{"taxonomy":"product_tag","embeddable":true,"href":"https:\/\/asakusakimono.com\/es\/wp-json\/wp\/v2\/product_tag?post=444"},{"taxonomy":"mwb_booking_people","embeddable":true,"href":"https:\/\/asakusakimono.com\/es\/wp-json\/wp\/v2\/mwb_booking_people?post=444"},{"taxonomy":"mwb_booking_cost","embeddable":true,"href":"https:\/\/asakusakimono.com\/es\/wp-json\/wp\/v2\/mwb_booking_cost?post=444"},{"taxonomy":"mwb_booking_service","embeddable":true,"href":"https:\/\/asakusakimono.com\/es\/wp-json\/wp\/v2\/mwb_booking_service?post=444"}],"curies":[{"name":"wp","href":"https:\/\/api.w.org\/{rel}","templated":true}]}}