{"id":58,"date":"2025-06-13T12:29:29","date_gmt":"2025-06-13T04:29:29","guid":{"rendered":"https:\/\/wafuku.alliedbusiness.jp\/?page_id=58"},"modified":"2025-06-18T19:32:25","modified_gmt":"2025-06-18T10:32:25","slug":"terms-of-use","status":"publish","type":"page","link":"https:\/\/asakusakimono.com\/vi\/terms-of-use\/","title":{"rendered":"\u0110i\u1ec1u kho\u1ea3n s\u1eed d\u1ee5ng"},"content":{"rendered":"<p><strong>\u0110i\u1ec1u 1<\/strong>Gi\u1edbi thi\u1ec7u C\u00e1c \u0111i\u1ec1u kho\u1ea3n s\u1eed d\u1ee5ng n\u00e0y \u00e1p d\u1ee5ng cho d\u1ecbch v\u1ee5 cho thu\u00ea kimono v\u00e0 c\u00e1c d\u1ecbch v\u1ee5 k\u00e8m theo (sau \u0111\u00e2y g\u1ecdi l\u00e0 \u201cD\u1ecbch v\u1ee5\u201d) do C\u00f4ng ty Cho thu\u00ea Kimono C\u00e1nh Chim (sau \u0111\u00e2y g\u1ecdi l\u00e0 \u201cC\u00f4ng ty\u201d) cung c\u1ea5p t\u1ea1i c\u1eeda h\u00e0ng n\u00e0y. Ng\u01b0\u1eddi s\u1eed d\u1ee5ng D\u1ecbch v\u1ee5 (sau \u0111\u00e2y g\u1ecdi l\u00e0 \u201cNg\u01b0\u1eddi d\u00f9ng\u201d) \u0111\u1ed3ng \u00fd v\u1edbi t\u1ea5t c\u1ea3 c\u00e1c \u0111i\u1ec1u kho\u1ea3n v\u00e0 \u0111i\u1ec1u ki\u1ec7n n\u00e0y c\u0169ng nh\u01b0 t\u1ea5t c\u1ea3 th\u00f4ng tin tr\u00ean trang web c\u1ee7a ch\u00fang t\u00f4i (sau \u0111\u00e2y g\u1ecdi chung l\u00e0 \u201cC\u00e1c \u0111i\u1ec1u kho\u1ea3n n\u00e0y\u201d) khi s\u1eed d\u1ee5ng D\u1ecbch v\u1ee5. N\u1ebfu c\u00f3 v\u1ea5n \u0111\u1ec1 ph\u00e1t sinh trong qu\u00e1 tr\u00ecnh s\u1eed d\u1ee5ng D\u1ecbch v\u1ee5, ch\u00fang t\u00f4i s\u1ebd th\u1ea3o lu\u1eadn d\u1ef1a tr\u00ean c\u00e1c \u0110i\u1ec1u kho\u1ea3n n\u00e0y, v\u00e0 nh\u1eefng v\u1ea5n \u0111\u1ec1 kh\u00f4ng \u0111\u01b0\u1ee3c quy \u0111\u1ecbnh trong c\u00e1c \u0110i\u1ec1u kho\u1ea3n n\u00e0y s\u1ebd \u0111\u01b0\u1ee3c quy\u1ebft \u0111\u1ecbnh theo h\u01b0\u1edbng d\u1eabn, lu\u1eadt ph\u00e1p ho\u1eb7c th\u00f4ng l\u1ec7 chung c\u1ee7a \u0111\u1ecba \u0111i\u1ec3m cung c\u1ea5p D\u1ecbch v\u1ee5. D\u1ecbch v\u1ee5 n\u00e0y \u0111\u01b0\u1ee3c thi\u1ebft k\u1ebf \u0111\u1ec3 ph\u1ee5c v\u1ee5 cho s\u1edf th\u00edch c\u00e1 nh\u00e2n, v\u00e0 b\u1ea1n kh\u00f4ng \u0111\u01b0\u1ee3c s\u1eed d\u1ee5ng kimono do C\u00f4ng ty cung c\u1ea5p t\u1ea1i c\u00e1c ti\u1ec7m l\u00e0m t\u00f3c ho\u1eb7c c\u00e1c bu\u1ed5i ti\u1ec7c c\u1ee5 th\u1ec3, ho\u1eb7c s\u1eed d\u1ee5ng kimono do C\u00f4ng ty cung c\u1ea5p cho m\u1ee5c \u0111\u00edch th\u01b0\u01a1ng m\u1ea1i m\u00e0 kh\u00f4ng c\u00f3 s\u1ef1 cho ph\u00e9p tr\u01b0\u1edbc c\u1ee7a ch\u00fang t\u00f4i. N\u1ebfu ng\u01b0\u1eddi d\u00f9ng mu\u1ed1n s\u1eed d\u1ee5ng d\u1ecbch v\u1ee5 theo c\u00e1ch n\u00e0y, ph\u1ea3i li\u00ean h\u1ec7 v\u1edbi ch\u00fang t\u00f4i \u00edt nh\u1ea5t hai tu\u1ea7n tr\u01b0\u1edbc ng\u00e0y \u0111\u1eb7t h\u00e0ng, v\u00e0 ch\u00fang t\u00f4i s\u1ebd th\u1ea3o lu\u1eadn ri\u00eang v\u1ec1 ph\u00ed s\u1eed d\u1ee5ng, v.v. D\u1ecbch v\u1ee5 n\u00e0y d\u00e0nh cho nh\u1eefng ng\u01b0\u1eddi c\u00f3 th\u1ec3 t\u1ef1 ch\u1ecdn kimono v\u00e0 obi c\u1ee7a m\u00ecnh. Do \u0111\u00f3, n\u1ebfu ng\u01b0\u1eddi gi\u00e1m h\u1ed9 c\u1ee7a b\u1ea1n ch\u1ecdn kimono ho\u1eb7c obi thay cho b\u1ea1n, ho\u1eb7c n\u1ebfu b\u1ea1n c\u00f3 ng\u01b0\u1eddi gi\u00e1m h\u1ed9 \u0111i c\u00f9ng, b\u1ea1n c\u00f3 th\u1ec3 b\u1ecb t\u1eeb ch\u1ed1i v\u00e0o c\u1eeda. Kh\u00e1ch \u0111i c\u00f9ng (b\u1ea1n b\u00e8, nhi\u1ebfp \u1ea3nh gia, v.v.) kh\u00f4ng thu\u00ea kimono s\u1ebd kh\u00f4ng \u0111\u01b0\u1ee3c ph\u00e9p v\u00e0o c\u1eeda h\u00e0ng. D\u1ecbch v\u1ee5 n\u00e0y kh\u00f4ng \u00e1p d\u1ee5ng cho ph\u1ee5 n\u1eef mang thai. Trong tr\u01b0\u1eddng h\u1ee3p b\u1ea1n kh\u00f4ng th\u00f4ng b\u00e1o tr\u01b0\u1edbc cho ch\u00fang t\u00f4i v\u1ec1 vi\u1ec7c mang thai v\u00e0 x\u1ea3y ra b\u1ea5t k\u1ef3 r\u1eafc r\u1ed1i n\u00e0o, c\u1eeda h\u00e0ng s\u1ebd kh\u00f4ng ch\u1ecbu b\u1ea5t k\u1ef3 tr\u00e1ch nhi\u1ec7m n\u00e0o.<\/p><p><strong>\u0110i\u1ec1u 2<\/strong>Quy tr\u00ecnh \u0111\u0103ng k\u00fd \u0111\u1eb7t ch\u1ed7 Khi s\u1eed d\u1ee5ng d\u1ecbch v\u1ee5 n\u00e0y, ng\u01b0\u1eddi d\u00f9ng c\u1ea7n nh\u1eadp th\u00f4ng tin c\u1ea7n thi\u1ebft tr\u00ean trang web n\u00e0y \u0111\u1ec3 \u0111\u0103ng k\u00fd s\u1eed d\u1ee5ng d\u1ecbch v\u1ee5. Sau khi nh\u1eadn \u0111\u01b0\u1ee3c \u0111\u01a1n \u0111\u0103ng k\u00fd n\u00eau tr\u00ean, c\u00f4ng ty s\u1ebd ch\u1ea5p nh\u1eadn \u0111\u01a1n \u0111\u0103ng k\u00fd b\u1eb1ng c\u00e1ch hi\u1ec3n th\u1ecb th\u00f4ng tin x\u00e1c nh\u1eadn \u0111\u1eb7t ch\u1ed7 tr\u00ean trang web c\u1ee7a c\u00f4ng ty v\u00e0 g\u1eedi email x\u00e1c nh\u1eadn \u0111\u1eb7t ch\u1ed7 cho ng\u01b0\u1eddi d\u00f9ng. H\u1ee3p \u0111\u1ed3ng n\u00e0y c\u00f3 hi\u1ec7u l\u1ef1c khi ch\u00fang t\u00f4i g\u1eedi email x\u00e1c nh\u1eadn \u0111\u1eb7t ch\u1ed7 cho b\u1ea1n. N\u1ebfu c\u00f4ng ty \u0111\u0103ng k\u00fd s\u1eed d\u1ee5ng d\u1ecbch v\u1ee5 n\u00e0y qua \u0111i\u1ec7n tho\u1ea1i, email ho\u1eb7c \u0111\u1ebfn c\u1eeda h\u00e0ng, c\u00f4ng ty s\u1ebd cung c\u1ea5p h\u01b0\u1edbng d\u1eabn \u0111\u0103ng k\u00fd ri\u00eang tr\u00ean trang web c\u1ee7a c\u00f4ng ty v\u00e0 ng\u01b0\u1eddi d\u00f9ng ph\u1ea3i tu\u00e2n theo h\u01b0\u1edbng d\u1eabn \u0111\u00f3.<\/p><p><strong>\u0110i\u1ec1u 3<\/strong>Th\u1eddi gian ti\u1ebfp kh\u00e1ch v\u00e0 th\u1eddi gian cung c\u1ea5p d\u1ecbch v\u1ee5 Th\u1eddi gian cung c\u1ea5p d\u1ecbch v\u1ee5 \u0111\u01b0\u1ee3c quy \u0111\u1ecbnh theo th\u1eddi gian ghi tr\u00ean trang ch\u1ee7 c\u1ee7a t\u1eebng c\u1eeda h\u00e0ng. Ngo\u00e0i th\u1eddi gian \u0111\u1eb7t h\u1eb9n, ch\u00fang t\u00f4i kh\u00f4ng th\u1ec3 cung c\u1ea5p d\u1ecbch v\u1ee5 n\u00e0y cho b\u1ea5t k\u1ef3 ai. Kh\u00e1ch h\u00e0ng ngo\u00e0i th\u1eddi gian \u0111\u1eb7t h\u1eb9n kh\u00f4ng \u0111\u01b0\u1ee3c v\u00e0o c\u1eeda h\u00e0ng, c\u0169ng kh\u00f4ng \u0111\u01b0\u1ee3c ch\u1edd \u0111\u1ee3i trong c\u1eeda h\u00e0ng ho\u1eb7c tr\u01b0\u1edbc c\u1eeda h\u00e0ng. N\u1ebfu \u0111\u1eb7t h\u1eb9n c\u1ee7a qu\u00fd kh\u00e1ch \u0111\u01b0\u1ee3c chia th\u00e0nh hai ho\u1eb7c nhi\u1ec1u nh\u00f3m, vui l\u00f2ng \u0111\u1ebfn \u0111\u00fang th\u1eddi gian \u0111\u1eb7t h\u1eb9n c\u1ee7a t\u1eebng nh\u00f3m. Ch\u00fang t\u00f4i kh\u00f4ng th\u1ec3 cung c\u1ea5p d\u1ecbch v\u1ee5 n\u00e0y ho\u1eb7c gi\u1eef ho\u1eb7c nh\u1eadn h\u00e0nh l\u00fd ngo\u00e0i th\u1eddi gian ph\u1ee5c v\u1ee5. Tuy nhi\u00ean, h\u00e0nh l\u00fd c\u1ee7a kh\u00e1ch s\u1eed d\u1ee5ng d\u1ecbch v\u1ee5 tr\u1ea3 l\u1ea1i v\u00e0o ng\u00e0y h\u00f4m sau s\u1ebd \u0111\u01b0\u1ee3c gi\u1eef cho \u0111\u1ebfn khi tr\u1ea3 l\u1ea1i kimono. \u0110\u1ec3 \u0111\u1ea3m b\u1ea3o an to\u00e0n cho ng\u01b0\u1eddi s\u1eed d\u1ee5ng, n\u1ebfu trong v\u00f2ng 2 gi\u1edd tr\u01b0\u1edbc khi b\u1eaft \u0111\u1ea7u, c\u00f3 c\u1ea3nh b\u00e1o m\u01b0a l\u1edbn (s\u1ea1t l\u1edf \u0111\u1ea5t, l\u0169 l\u1ee5t), l\u0169 l\u1ee5t, b\u00e3o, b\u00e3o tuy\u1ebft ho\u1eb7c tuy\u1ebft l\u1edbn trong th\u00e0nh ph\u1ed1, th\u1ecb tr\u1ea5n, l\u00e0ng x\u00e3 n\u01a1i c\u1eeda h\u00e0ng t\u1ecda l\u1ea1c, d\u1ecbch v\u1ee5 n\u00e0y s\u1ebd b\u1ecb \u0111\u00f3ng c\u1eeda v\u00e0 kh\u00f4ng \u0111\u01b0\u1ee3c cung c\u1ea5p n\u1eefa. Trong tr\u01b0\u1eddng h\u1ee3p n\u00e0y, c\u00f4ng ty ch\u00fang t\u00f4i kh\u00f4ng ch\u1ecbu b\u1ea5t k\u1ef3 tr\u00e1ch nhi\u1ec7m n\u00e0o \u0111\u1ed1i v\u1edbi b\u1ea5t k\u1ef3 thi\u1ec7t h\u1ea1i n\u00e0o g\u00e2y ra cho ng\u01b0\u1eddi s\u1eed d\u1ee5ng do nguy\u00ean nh\u00e2n b\u1ea5t kh\u1ea3 kh\u00e1ng.<\/p><p><strong>\u0110i\u1ec1u 4:<\/strong>Ph\u00ed ph\u1ea1t ch\u1eadm tr\u1ea3 c\u1ee7a d\u1ecbch v\u1ee5 n\u00e0y: N\u1ebfu qu\u00fd kh\u00e1ch kh\u00f4ng tr\u1ea3 l\u1ea1i h\u00e0ng cho c\u1eeda h\u00e0ng \u0111\u00fang h\u1ea1n, h\u00e0ng h\u00f3a s\u1ebd \u0111\u01b0\u1ee3c tr\u1ea3 l\u1ea1i v\u00e0o ng\u00e0y h\u00f4m sau v\u00e0 m\u1ed7i ng\u01b0\u1eddi s\u1ebd b\u1ecb t\u00ednh ph\u00ed 3.000 y\u00ean. N\u1ebfu ng\u01b0\u1eddi d\u00f9ng kh\u00f4ng li\u00ean h\u1ec7 tr\u01b0\u1edbc v\u1edbi c\u1eeda h\u00e0ng v\u00e0 kh\u00f4ng \u0111\u01b0\u1ee3c s\u1ef1 \u0111\u1ed3ng \u00fd c\u1ee7a nh\u00e2n vi\u00ean m\u00e0 kh\u00f4ng tr\u1ea3 l\u1ea1i h\u00e0ng \u0111\u00fang h\u1ea1n, c\u1eeda h\u00e0ng s\u1ebd \u0111\u00f3ng c\u1eeda khi k\u1ebft th\u00fac d\u1ecbch v\u1ee5.<\/p><p><strong>\u0110i\u1ec1u 5:<\/strong>C\u1eeda h\u00e0ng ch\u1ec9 nh\u1eadn gi\u1eef v\u00e0 qu\u1ea3n l\u00fd h\u00e0nh l\u00fd l\u00e0 qu\u1ea7n \u00e1o. \u0110\u1eb7c bi\u1ec7t, ch\u00fang t\u00f4i kh\u00f4ng ch\u1ecbu tr\u00e1ch nhi\u1ec7m gi\u1eef c\u00e1c v\u1eadt d\u1ee5ng sau: \u0110\u1ed3 v\u1eadt c\u00f3 gi\u00e1 tr\u1ecb (ch\u00eca kh\u00f3a nh\u00e0\/xe, qu\u1ea7n \u00e1o\/t\u00fai x\u00e1ch \u0111\u1eaft ti\u1ec1n, trang s\u1ee9c, \u0111\u1ed3ng h\u1ed3, ti\u1ec1n m\u1eb7t, h\u1ed9 chi\u1ebfu, v.v.) Thi\u1ebft b\u1ecb \u0111i\u1ec7n t\u1eed (m\u00e1y t\u00ednh, m\u00e1y \u1ea3nh, m\u00e1y ch\u01a1i game, m\u00e1y t\u00ednh b\u1ea3ng, v.v.) V\u1eadt li\u1ec7u n\u1ed5, d\u1ec5 ch\u00e1y ho\u1eb7c c\u00e1c v\u1eadt li\u1ec7u nguy hi\u1ec3m kh\u00e1c V\u1eadt li\u1ec7u sinh h\u1ecdc \u0111\u00f4ng l\u1ea1nh, v\u1eadt li\u1ec7u c\u1ea7n b\u1ea3o qu\u1ea3n l\u1ea1nh, tr\u00e1i c\u00e2y v\u00e0 rau qu\u1ea3, hoa t\u01b0\u01a1i v\u00e0 c\u00e1c v\u1eadt li\u1ec7u kh\u00e1c c\u00f3 th\u1ec3 r\u00f2 r\u1ec9 n\u01b0\u1edbc ho\u1eb7c d\u1ec5 h\u01b0 h\u1ecfng (bao g\u1ed3m c\u00e1c v\u1eadt li\u1ec7u b\u1ecb ph\u00e1p lu\u1eadt c\u1ea5m s\u1eed d\u1ee5ng, v\u00ed d\u1ee5 nh\u01b0 thu\u1ed1c b\u1ea5t h\u1ee3p ph\u00e1p). C\u00e1c v\u1eadt ph\u1ea9m kh\u00e1c m\u00e0 c\u00f4ng ty ch\u00fang t\u00f4i cho l\u00e0 kh\u00f3 b\u1ea3o qu\u1ea3n. N\u1ebfu ng\u01b0\u1eddi d\u00f9ng mu\u1ed1n \u0111\u1ec3 l\u1ea1i c\u00e1c v\u1eadt ph\u1ea9m n\u00eau tr\u00ean t\u1ea1i c\u00f4ng ty ch\u00fang t\u00f4i, th\u00ec ph\u1ea3i t\u1ef1 b\u1ea3o qu\u1ea3n. B\u1ea1n c\u00f3 tr\u00e1ch nhi\u1ec7m \u0111\u1ea3m b\u1ea3o r\u1eb1ng c\u00f4ng ty ch\u00fang t\u00f4i kh\u00f4ng l\u01b0u tr\u1eef c\u00e1c v\u1eadt ph\u1ea9m n\u00e0y, v\u00e0 b\u1ea1n th\u1eeba nh\u1eadn tr\u01b0\u1edbc r\u1eb1ng ch\u00fang t\u00f4i kh\u00f4ng ch\u1ecbu tr\u00e1ch nhi\u1ec7m v\u1ec1 b\u1ea5t k\u1ef3 m\u1ea5t m\u00e1t (bao g\u1ed3m tr\u1ed9m c\u1eafp), h\u01b0 h\u1ecfng, r\u00f2 r\u1ec9 n\u01b0\u1edbc ho\u1eb7c h\u01b0 h\u1ecfng kh\u00e1c.<\/p><p><strong>\u0110i\u1ec1u 6<\/strong>X\u1eed l\u00fd \u0111\u1ed3 v\u1eadt b\u1ecb m\u1ea5t N\u1ebfu ng\u01b0\u1eddi d\u00f9ng \u0111\u1ec3 qu\u00ean \u0111\u1ed3 v\u1eadt t\u1ea1i c\u1eeda h\u00e0ng, c\u00f4ng ty s\u1ebd x\u1eed l\u00fd theo c\u00e1ch sau \u0111\u00e2y v\u00e0 ng\u01b0\u1eddi d\u00f9ng \u0111\u00e3 hi\u1ec3u r\u00f5 \u0111i\u1ec1u n\u00e0y tr\u01b0\u1edbc \u0111\u00f3. C\u00e1c \u0111\u1ed3 v\u1eadt c\u00f3 gi\u00e1 tr\u1ecb nh\u01b0 h\u1ed9 chi\u1ebfu, b\u1eb1ng l\u00e1i xe, th\u1ebb t\u00edn d\u1ee5ng, ti\u1ec1n m\u1eb7t, ph\u1ee5 ki\u1ec7n b\u1ecb m\u1ea5t s\u1ebd \u0111\u01b0\u1ee3c g\u1eedi \u0111\u1ebfn \u0111\u1ed3n c\u1ea3nh s\u00e1t g\u1ea7n nh\u1ea5t. N\u1ebfu ng\u01b0\u1eddi d\u00f9ng li\u00ean h\u1ec7 v\u1edbi ch\u00fang t\u00f4i tr\u01b0\u1edbc khi ch\u00fang t\u00f4i g\u1eedi \u0111\u1ed3 v\u1eadt \u0111\u1ebfn \u0111\u1ed3n c\u1ea3nh s\u00e1t, ch\u00fang t\u00f4i s\u1ebd tr\u1ea3 l\u1ea1i \u0111\u1ed3 v\u1eadt t\u1ea1i c\u1eeda h\u00e0ng, nh\u01b0ng kh\u00f4ng tr\u1ea3 l\u1ea1i qua \u0111\u01b0\u1eddng b\u01b0u \u0111i\u1ec7n. \u0110\u1ed1i v\u1edbi c\u00e1c v\u1eadt d\u1ee5ng b\u1ecb b\u1ecf qu\u00ean kh\u00e1c ngo\u00e0i nh\u1eefng v\u1eadt d\u1ee5ng n\u00eau tr\u00ean, tr\u1eeb khi kh\u00e1ch h\u00e0ng li\u00ean h\u1ec7 v\u1edbi ch\u00fang t\u00f4i trong v\u00f2ng m\u1ed9t tu\u1ea7n sau khi ch\u00fang t\u00f4i ph\u00e1t hi\u1ec7n v\u1eadt d\u1ee5ng \u0111\u00f3, quy\u1ec1n s\u1edf h\u1eefu s\u1ebd \u0111\u01b0\u1ee3c coi l\u00e0 \u0111\u00e3 t\u1eeb b\u1ecf v\u00e0 v\u1eadt d\u1ee5ng s\u1ebd \u0111\u01b0\u1ee3c x\u1eed l\u00fd. N\u1ebfu kh\u00e1ch h\u00e0ng li\u00ean h\u1ec7 v\u1edbi ch\u00fang t\u00f4i trong th\u1eddi h\u1ea1n n\u00eau tr\u00ean, v\u1eadt d\u1ee5ng s\u1ebd \u0111\u01b0\u1ee3c tr\u1ea3 l\u1ea1i b\u1eb1ng c\u00e1ch g\u1eedi qua b\u01b0u \u0111i\u1ec7n, thanh to\u00e1n khi nh\u1eadn h\u00e0ng. Xin l\u01b0u \u00fd r\u1eb1ng ng\u00e0y g\u1eedi h\u00e0ng s\u1ebd do c\u00f4ng ty ch\u00fang t\u00f4i quy\u1ebft \u0111\u1ecbnh.<\/p><p><strong>\u0110i\u1ec1u 7: Tuy\u00ean b\u1ed1 mi\u1ec5n tr\u1eeb tr\u00e1ch nhi\u1ec7m<\/strong><\/p><p>C\u00f4ng ty kh\u00f4ng ch\u1ecbu tr\u00e1ch nhi\u1ec7m \u0111\u1ed1i v\u1edbi b\u1ea5t k\u1ef3 thi\u1ec7t h\u1ea1i n\u00e0o g\u00e2y ra cho ng\u01b0\u1eddi d\u00f9ng do vi\u1ec7c cung c\u1ea5p d\u1ecbch v\u1ee5 n\u00e0y, tr\u1eeb khi c\u00f4ng ty c\u00f3 h\u00e0nh vi c\u1ed1 \u00fd ho\u1eb7c s\u01a1 su\u1ea5t. \u0110\u1eb7c bi\u1ec7t, trong c\u00e1c tr\u01b0\u1eddng h\u1ee3p sau \u0111\u00e2y, c\u00f4ng ty kh\u00f4ng \u0111\u01b0\u1ee3c coi l\u00e0 c\u00f3 l\u1ed7i v\u00e0 kh\u00f4ng ch\u1ecbu tr\u00e1ch nhi\u1ec7m. S\u01a1n d\u00f9ng \u0111\u1ec3 s\u1ea3n xu\u1ea5t vali c\u00f3 th\u1ec3 b\u00e1m v\u00e0o c\u00e1c v\u1eadt d\u1ee5ng b\u00ean trong vali v\u00e0 g\u00e2y ra hi\u1ec7n t\u01b0\u1ee3ng chuy\u1ec3n m\u00e0u. (Ng\u01b0\u1eddi d\u00f9ng c\u00f3 tr\u00e1ch nhi\u1ec7m b\u1ea3o v\u1ec7 c\u00e1c v\u1eadt d\u1ee5ng c\u00f3 th\u1ec3 b\u1ecb d\u00ednh m\u00e0u nh\u01b0 t\u00fai nh\u1ef1a, v.v.) Khi nh\u00e2n vi\u00ean c\u1ee7a ch\u00fang t\u00f4i gi\u00fap ng\u01b0\u1eddi d\u00f9ng m\u1eb7c ho\u1eb7c c\u1edfi qu\u1ea7n \u00e1o, c\u00e1c thi\u1ebft b\u1ecb \u0111i\u1ec7n t\u1eed trong qu\u1ea7n \u00e1o c\u00f3 th\u1ec3 b\u1ecb r\u01a1i v\u00e0 h\u1ecfng. (Khi m\u1eb7c ho\u1eb7c c\u1edfi qu\u1ea7n \u00e1o, ng\u01b0\u1eddi d\u00f9ng c\u00f3 tr\u00e1ch nhi\u1ec7m b\u1ea3o qu\u1ea3n c\u00e1c thi\u1ebft b\u1ecb \u0111i\u1ec7n t\u1eed, v.v.) Vi\u1ec7c cung c\u1ea5p d\u1ecbch v\u1ee5 c\u00f3 th\u1ec3 b\u1ecb tr\u00ec ho\u00e3n do \u0111\u00f4ng \u0111\u00fac, v.v., c\u0169ng nh\u01b0 do s\u1ef1 ch\u1eadm tr\u1ec5 trong tham quan, \u0103n u\u1ed1ng, bi\u1ec3u di\u1ec5n, v.v. (Ch\u00fang t\u00f4i kh\u00f4ng th\u1ec3 \u0111\u1ea3m b\u1ea3o th\u1eddi gian ho\u00e0n th\u00e0nh, v\u00ec v\u1eady vui l\u00f2ng \u0111\u1eb7t l\u1ecbch h\u1eb9n v\u1edbi th\u1eddi gian d\u1ef1 tr\u00f9 \u0111\u1ee7.) K\u00edch \u1ee9ng da, ph\u00e1t ban (m\u1ec1 \u0111ay, v.v.), nhi\u1ec5m tr\u00f9ng, v.v. (Qu\u1ea7n \u00e1o m\u00e0 ch\u00fang t\u00f4i cho thu\u00ea \u0111\u01b0\u1ee3c cho thu\u00ea cho m\u1ed9t s\u1ed1 l\u01b0\u1ee3ng ng\u01b0\u1eddi d\u00f9ng kh\u00f4ng x\u00e1c \u0111\u1ecbnh. M\u1eb7c d\u00f9 c\u00f4ng ty qu\u1ea3n l\u00fd s\u1ea3n ph\u1ea9m n\u00e0y m\u1ed9t c\u00e1ch h\u1ee3p l\u00fd v\u00e0 th\u00edch h\u1ee3p, nh\u01b0ng m\u1ed1i quan h\u1ec7 nh\u00e2n qu\u1ea3 gi\u1eefa d\u1ecbch v\u1ee5 n\u00e0y v\u00e0 s\u1ef1 xu\u1ea5t hi\u1ec7n c\u1ee7a da th\u00f4 r\u00e1p, ph\u00e1t ban (m\u1ec1 \u0111ay, v.v.), b\u1ec7nh truy\u1ec1n nhi\u1ec5m, v.v. v\u1eabn ch\u01b0a r\u00f5 r\u00e0ng, v\u00ec v\u1eady c\u00f4ng ty kh\u00f4ng ch\u1ecbu b\u1ea5t k\u1ef3 tr\u00e1ch nhi\u1ec7m n\u00e0o. Trong c\u1eeda h\u00e0ng (C\u1eeda h\u00e0ng kh\u00f4ng ch\u1ecbu tr\u00e1ch nhi\u1ec7m v\u1ec1 c\u00e1c tr\u01b0\u1eddng h\u1ee3p ng\u00e3 ngo\u00e0i c\u1eeda h\u00e0ng do c\u00e1c y\u1ebfu t\u1ed1 kh\u00f4ng li\u00ean quan \u0111\u1ebfn c\u00f4ng ty nh\u01b0 t\u00ecnh tr\u1ea1ng \u0111\u01b0\u1eddng x\u00e1, c\u00e1ch \u0111i b\u1ed9 c\u1ee7a ng\u01b0\u1eddi s\u1eed d\u1ee5ng, v.v.) N\u1ebfu ng\u01b0\u1eddi s\u1eed d\u1ee5ng kh\u00f4ng tu\u00e2n th\u1ee7 c\u00e1c th\u00f4ng b\u00e1o ho\u1eb7c h\u01b0\u1edbng d\u1eabn trong c\u1eeda h\u00e0ng\/ng\u00e3, b\u1ecb b\u1ecfng ho\u1eb7c b\u1ecb th\u01b0\u01a1ng kh\u00e1c d\u01b0\u1edbi s\u1ef1 h\u01b0\u1edbng d\u1eabn c\u1ee7a nh\u00e2n vi\u00ean trong c\u1eeda h\u00e0ng (tr\u01b0\u1eddng h\u1ee3p n\u00e0y l\u00e0 do s\u01a1 su\u1ea5t c\u1ee7a ng\u01b0\u1eddi s\u1eed d\u1ee5ng, c\u00f4ng ty kh\u00f4ng ch\u1ecbu tr\u00e1ch nhi\u1ec7m), vui l\u00f2ng \u0111\u1eb7c bi\u1ec7t ch\u00fa \u00fd gi\u1eef nguy\u00ean v\u1ecb tr\u00ed. Khi c\u1eaft t\u00f3c, vui l\u00f2ng tu\u00e2n th\u1ee7 h\u01b0\u1edbng d\u1eabn c\u1ee7a nh\u00e2n vi\u00ean c\u00e0ng nhi\u1ec1u c\u00e0ng t\u1ed1t, v\u00ec vi\u1ec7c c\u1eaft t\u00f3c s\u1eed d\u1ee5ng thi\u1ebft b\u1ecb nhi\u1ec7t \u0111\u1ed9 cao, n\u00ean c\u00f3 nguy c\u01a1 b\u1ecb b\u1ecfng do m\u00e1y u\u1ed1n t\u00f3c. N\u1ebfu h\u00e0nh l\u00fd b\u1ecb m\u1ea5t ho\u1eb7c thay \u0111\u1ed5i do nguy\u00ean nh\u00e2n b\u1ea5t kh\u1ea3 kh\u00e1ng, g\u00e2y thi\u1ec7t h\u1ea1i cho ng\u01b0\u1eddi s\u1eed d\u1ee5ng; b\u1ea5t k\u1ef3 thi\u1ec7t h\u1ea1i n\u00e0o kh\u00e1c kh\u00f4ng li\u00ean quan \u0111\u1ebfn c\u00f4ng ty ch\u00fang t\u00f4i (v\u00ed d\u1ee5: b\u1ecfng do \u0111\u1ec7m s\u01b0\u1edfi \u0111i\u1ec7n, t\u00f3c n\u1ed1i b\u1ecb h\u01b0 h\u1ecfng do thi\u1ebft k\u1ebf ki\u1ec3u t\u00f3c, t\u00f3c b\u1ecb phai m\u00e0u do m\u00e1y u\u1ed1n t\u00f3c, v.v.), ch\u00fang t\u00f4i s\u1ebd kh\u00f4ng ch\u1ecbu tr\u00e1ch nhi\u1ec7m. \u0110\u1ed1i v\u1edbi nh\u1eefng thi\u1ec7t h\u1ea1i do s\u01a1 su\u1ea5t c\u1ee7a ch\u00fang t\u00f4i g\u00e2y ra cho ng\u01b0\u1eddi s\u1eed d\u1ee5ng, ch\u00fang t\u00f4i ch\u1ec9 ch\u1ecbu tr\u00e1ch nhi\u1ec7m v\u1ec1 nh\u1eefng thi\u1ec7t h\u1ea1i tr\u1ef1c ti\u1ebfp th\u00f4ng th\u01b0\u1eddng (kh\u00f4ng bao g\u1ed3m l\u1ee3i nhu\u1eadn b\u1ecb m\u1ea5t), v\u1edbi m\u1ee9c b\u1ed3i th\u01b0\u1eddng t\u1ed1i \u0111a l\u00e0 10.000 y\u00ean.<\/p>","protected":false},"excerpt":{"rendered":"<p>\u7b2c 1 \u6761\u7b80\u4ecb \u672c\u4f7f\u7528\u6761\u6b3e\u9002\u7528\u4e8e\u5f69\u7fbd\u79df\u8d41\u548c\u670d\uff08\u4ee5\u4e0b\u7b80\u79f0\u201c\u516c\u53f8\u201d\uff09\u5728\u672c\u5e97\u63d0\u4f9b\u7684\u548c\u670d\u79df\u8d41\u53ca\u9644\u5e26\u670d\u52a1\uff08\u4ee5\u4e0b\u7b80\u79f0\u201c\u670d\u52a1&#8230;<\/p>","protected":false},"author":1,"featured_media":0,"parent":0,"menu_order":0,"comment_status":"closed","ping_status":"closed","template":"","meta":{"footnotes":""},"class_list":["post-58","page","type-page","status-publish","hentry"],"_links":{"self":[{"href":"https:\/\/asakusakimono.com\/vi\/wp-json\/wp\/v2\/pages\/58","targetHints":{"allow":["GET"]}}],"collection":[{"href":"https:\/\/asakusakimono.com\/vi\/wp-json\/wp\/v2\/pages"}],"about":[{"href":"https:\/\/asakusakimono.com\/vi\/wp-json\/wp\/v2\/types\/page"}],"author":[{"embeddable":true,"href":"https:\/\/asakusakimono.com\/vi\/wp-json\/wp\/v2\/users\/1"}],"replies":[{"embeddable":true,"href":"https:\/\/asakusakimono.com\/vi\/wp-json\/wp\/v2\/comments?post=58"}],"version-history":[{"count":7,"href":"https:\/\/asakusakimono.com\/vi\/wp-json\/wp\/v2\/pages\/58\/revisions"}],"predecessor-version":[{"id":430,"href":"https:\/\/asakusakimono.com\/vi\/wp-json\/wp\/v2\/pages\/58\/revisions\/430"}],"wp:attachment":[{"href":"https:\/\/asakusakimono.com\/vi\/wp-json\/wp\/v2\/media?parent=58"}],"curies":[{"name":"wp","href":"https:\/\/api.w.org\/{rel}","templated":true}]}}